{"id":4741,"date":"2024-06-21T14:41:42","date_gmt":"2024-06-21T12:41:42","guid":{"rendered":"https:\/\/smart-furnishing.com\/avviso-legale\/"},"modified":"2024-10-31T13:09:18","modified_gmt":"2024-10-31T12:09:18","slug":"avviso-legale","status":"publish","type":"page","link":"https:\/\/smart-furnishing.com\/it\/avviso-legale\/","title":{"rendered":"Avviso legale"},"content":{"rendered":"\t\t<div data-elementor-type=\"wp-page\" data-elementor-id=\"4741\" class=\"elementor elementor-4741 elementor-3\" data-elementor-post-type=\"page\">\n\t\t\t\t<div class=\"elementor-element elementor-element-9601689 e-flex e-con-boxed e-con e-parent\" data-id=\"9601689\" data-element_type=\"container\" data-e-type=\"container\" data-settings=\"{&quot;background_background&quot;:&quot;classic&quot;}\">\n\t\t\t\t\t<div class=\"e-con-inner\">\n\t\t<div class=\"elementor-element elementor-element-adb83fa e-con-full e-flex e-con e-child\" data-id=\"adb83fa\" data-element_type=\"container\" data-e-type=\"container\">\n\t\t<div class=\"elementor-element elementor-element-63161eb e-con-full e-flex e-con e-child\" data-id=\"63161eb\" data-element_type=\"container\" data-e-type=\"container\">\n\t\t\t\t<div class=\"elementor-element elementor-element-c3a8901 elementor-widget elementor-widget-heading\" data-id=\"c3a8901\" data-element_type=\"widget\" data-e-type=\"widget\" data-widget_type=\"heading.default\">\n\t\t\t\t<div class=\"elementor-widget-container\">\n\t\t\t\t\t<h2 class=\"elementor-heading-title elementor-size-default\">Avviso legale<\/h2>\t\t\t\t<\/div>\n\t\t\t\t<\/div>\n\t\t\t\t<\/div>\n\t\t\t\t<\/div>\n\t\t<div class=\"elementor-element elementor-element-40577fc e-con-full e-flex e-con e-child\" data-id=\"40577fc\" data-element_type=\"container\" data-e-type=\"container\">\n\t\t\t\t<\/div>\n\t\t\t\t\t<\/div>\n\t\t\t\t<\/div>\n\t\t<div class=\"elementor-element elementor-element-f62debe e-flex e-con-boxed e-con e-parent\" data-id=\"f62debe\" data-element_type=\"container\" data-e-type=\"container\" data-settings=\"{&quot;background_background&quot;:&quot;classic&quot;}\">\n\t\t\t\t\t<div class=\"e-con-inner\">\n\t\t<div class=\"elementor-element elementor-element-192d4f5 e-con-full e-flex e-con e-child\" data-id=\"192d4f5\" data-element_type=\"container\" data-e-type=\"container\">\n\t\t<div class=\"elementor-element elementor-element-db4d9c6 e-con-full e-flex e-con e-child\" data-id=\"db4d9c6\" data-element_type=\"container\" data-e-type=\"container\">\n\t\t\t\t<div class=\"elementor-element elementor-element-bfc886f elementor-invisible elementor-widget elementor-widget-heading\" data-id=\"bfc886f\" data-element_type=\"widget\" data-e-type=\"widget\" data-settings=\"{&quot;_animation&quot;:&quot;fadeIn&quot;}\" data-widget_type=\"heading.default\">\n\t\t\t\t<div class=\"elementor-widget-container\">\n\t\t\t\t\t<h4 class=\"elementor-heading-title elementor-size-default\">I vostri dati personali sono al sicuro con noi<\/h4>\t\t\t\t<\/div>\n\t\t\t\t<\/div>\n\t\t\t\t<\/div>\n\t\t\t\t<\/div>\n\t\t<div class=\"elementor-element elementor-element-6cef3c1 e-con-full e-flex e-con e-child\" data-id=\"6cef3c1\" data-element_type=\"container\" data-e-type=\"container\">\n\t\t\t\t<div class=\"elementor-element elementor-element-dd400c1 elementor-widget elementor-widget-text-editor\" data-id=\"dd400c1\" data-element_type=\"widget\" data-e-type=\"widget\" data-widget_type=\"text-editor.default\">\n\t\t\t\t<div class=\"elementor-widget-container\">\n\t\t\t\t\t\t\t\t\t<p>In qualit\u00e0 di azienda certificata ISO 27001, conserviamo, gestiamo e proteggiamo i vostri dati in conformit\u00e0 alla nostra certificazione ISO per la sicurezza dei dati.<br><br>I clienti, i partner e i dipendenti possono essere certi che i loro dati personali e finanziari siano al sicuro.<br><br>Packimpex \u00e8 stata una delle prime aziende europee del settore dei traslochi a ottenere la certificazione ISO 27001.<br><br>L&#8217;accreditamento, formalmente noto come ISO\/IEC 27001:2013, certifica che \u00e8 stato progettato e implementato un sistema completo di gestione della sicurezza delle informazioni (ISMS). Dimostra che Packimpex gestisce in modo sicuro e accurato beni quali informazioni finanziarie, propriet\u00e0 intellettuale, dati personali di clienti e dipendenti. <br><br>La norma ISO 27001 \u00e8 riconosciuta come il pi\u00f9 prestigioso standard internazionale per la sicurezza delle informazioni. Poich\u00e9 i rischi associati agli attacchi informatici e alle violazioni dei dati continuano ad aumentare, la protezione delle informazioni non \u00e8 mai stata cos\u00ec importante. Ottenere questa certificazione \u00e8 stato fondamentale per Packimpex, in quanto sottolinea il nostro impegno a mantenere i dati dei nostri clienti sicuri e riservati.  <br><br>\u201cQuesta certificazione \u00e8 l&#8217;ultima pietra miliare del nostro impegno per la sicurezza delle informazioni. I clienti possono essere certi che i nostri sistemi di gestione delle informazioni operano ai massimi livelli e questo ci permette di fornire un servizio eccellente\u201d, ha dichiarato Damian Aebischer, CEO di Packimpex.<br><br>\u201cQuesto \u00e8 un grande risultato che dimostra che siamo veramente interessati a comprendere le esigenze dei nostri clienti e a lavorare con loro per fornire soluzioni di alta qualit\u00e0.\u201d<\/p>\n<p><br><a href=\"https:\/\/www.packimpex.com\/terms-conditions\">VISUALIZZA LA NOSTRA INFORMATIVA SULLA PRIVACY<\/a> <\/p>\t\t\t\t\t\t\t\t<\/div>\n\t\t\t\t<\/div>\n\t\t\t\t<\/div>\n\t\t\t\t\t<\/div>\n\t\t\t\t<\/div>\n\t\t<div class=\"elementor-element elementor-element-4d98362 e-flex e-con-boxed e-con e-parent\" data-id=\"4d98362\" data-element_type=\"container\" data-e-type=\"container\" data-settings=\"{&quot;background_background&quot;:&quot;classic&quot;}\">\n\t\t\t\t\t<div class=\"e-con-inner\">\n\t\t<div class=\"elementor-element elementor-element-fc52938 e-con-full e-flex e-con e-child\" data-id=\"fc52938\" data-element_type=\"container\" data-e-type=\"container\">\n\t\t<div class=\"elementor-element elementor-element-bea6908 e-con-full e-flex e-con e-child\" data-id=\"bea6908\" data-element_type=\"container\" data-e-type=\"container\">\n\t\t\t\t<div class=\"elementor-element elementor-element-1859d44 elementor-widget elementor-widget-heading\" data-id=\"1859d44\" data-element_type=\"widget\" data-e-type=\"widget\" data-widget_type=\"heading.default\">\n\t\t\t\t<div class=\"elementor-widget-container\">\n\t\t\t\t\t<h2 class=\"elementor-heading-title elementor-size-default\">Termini e condizioni<\/h2>\t\t\t\t<\/div>\n\t\t\t\t<\/div>\n\t\t\t\t<\/div>\n\t\t\t\t<\/div>\n\t\t<div class=\"elementor-element elementor-element-db42baf e-con-full e-flex e-con e-child\" data-id=\"db42baf\" data-element_type=\"container\" data-e-type=\"container\">\n\t\t\t\t<\/div>\n\t\t\t\t\t<\/div>\n\t\t\t\t<\/div>\n\t\t<div class=\"elementor-element elementor-element-ae90a69 e-flex e-con-boxed e-con e-parent\" data-id=\"ae90a69\" data-element_type=\"container\" data-e-type=\"container\" data-settings=\"{&quot;background_background&quot;:&quot;classic&quot;}\">\n\t\t\t\t\t<div class=\"e-con-inner\">\n\t\t<div class=\"elementor-element elementor-element-d16592e e-con-full e-flex e-con e-child\" data-id=\"d16592e\" data-element_type=\"container\" data-e-type=\"container\">\n\t\t<div class=\"elementor-element elementor-element-fb4a150 e-con-full e-flex e-con e-child\" data-id=\"fb4a150\" data-element_type=\"container\" data-e-type=\"container\">\n\t\t\t\t<div class=\"elementor-element elementor-element-ecda318 elementor-invisible elementor-widget elementor-widget-heading\" data-id=\"ecda318\" data-element_type=\"widget\" data-e-type=\"widget\" data-settings=\"{&quot;_animation&quot;:&quot;fadeIn&quot;}\" data-widget_type=\"heading.default\">\n\t\t\t\t<div class=\"elementor-widget-container\">\n\t\t\t\t\t<h4 class=\"elementor-heading-title elementor-size-default\">Termini e condizioni geberali di utilizzo di smart-furnishing.ch, smartfurnishing.ch, smart-furnishing.com e packimpex.com<\/h4>\t\t\t\t<\/div>\n\t\t\t\t<\/div>\n\t\t\t\t<\/div>\n\t\t\t\t<\/div>\n\t\t<div class=\"elementor-element elementor-element-bd87095 e-con-full e-flex e-con e-child\" data-id=\"bd87095\" data-element_type=\"container\" data-e-type=\"container\">\n\t\t\t\t<div class=\"elementor-element elementor-element-5f2b621 elementor-widget elementor-widget-text-editor\" data-id=\"5f2b621\" data-element_type=\"widget\" data-e-type=\"widget\" data-widget_type=\"text-editor.default\">\n\t\t\t\t<div class=\"elementor-widget-container\">\n\t\t\t\t\t\t\t\t\t<p>Le presenti condizioni d&#8217;uso regolano il sito web www.packimpex.com, compresi tutti i suoi sottodomini (il sito web), le relative applicazioni per smartphone e le attivit\u00e0 di Packimpex Ltd, un gruppo di societ\u00e0 con sede in Svizzera e filiali in diversi paesi (di seguito \u201cPackimpex\u201d).<\/p>\n<p>I presenti termini illustrano la nostra politica sulla privacy, i diritti dell&#8217;utente nell&#8217;utilizzo dei nostri servizi, i nostri diritti e le regole che stabiliamo per gli utenti dei nostri siti web e delle nostre applicazioni.<\/p>\n<p>Utilizzando i siti web www.smart-furnishing.ch, www.smartfurnishing.ch, www.smart-furnishing.com e www.packimpex.com (i siti web) o le relative piattaforme online (ad esempio i sottodomini di packimpex.com o i sotto-siti di packimpex.ch) o le applicazioni per smartphone di Packimpex, l&#8217;utente accetta di essere vincolato dalle presenti Condizioni d&#8217;uso (Condizioni).<\/p>\n<p>Packimpex rispetta inoltre le leggi sulla protezione dei dati personali specifiche dei paesi in cui opera. Le norme sulla privacy specifiche di ciascun paese sono disponibili su questa pagina. <\/p>\n<p>Ci riserviamo il diritto, a nostra esclusiva discrezione, di cambiare, modificare, aggiungere o rimuovere parti di questi Termini e condizioni in qualsiasi momento. L&#8217;utente dovrebbe controllare periodicamente i presenti Termini e condizioni per verificare eventuali modifiche. Utilizzando il Sito dopo la pubblicazione delle modifiche a questi Termini e condizioni, l&#8217;utente accetta tali modifiche, indipendentemente dal fatto che le abbia riviste o meno.  <\/p>\n<p><a href=\"https:\/\/www.packimpex.com\/terms-conditions\">Termini e condizioni completi di Packimpex.com<\/a><\/p>\t\t\t\t\t\t\t\t<\/div>\n\t\t\t\t<\/div>\n\t\t\t\t<\/div>\n\t\t\t\t\t<\/div>\n\t\t\t\t<\/div>\n\t\t\t\t<\/div>\n\t\t","protected":false},"excerpt":{"rendered":"<p>Avviso legale I vostri dati personali sono al sicuro con noi In qualit\u00e0 di azienda certificata ISO 27001, conserviamo, gestiamo [&hellip;]<\/p>\n","protected":false},"author":2,"featured_media":0,"parent":0,"menu_order":0,"comment_status":"closed","ping_status":"open","template":"","meta":{"site-sidebar-layout":"default","site-content-layout":"","ast-site-content-layout":"default","site-content-style":"default","site-sidebar-style":"default","ast-global-header-display":"","ast-banner-title-visibility":"","ast-main-header-display":"","ast-hfb-above-header-display":"","ast-hfb-below-header-display":"","ast-hfb-mobile-header-display":"","site-post-title":"","ast-breadcrumbs-content":"","ast-featured-img":"","footer-sml-layout":"","ast-disable-related-posts":"","theme-transparent-header-meta":"","adv-header-id-meta":"","stick-header-meta":"","header-above-stick-meta":"","header-main-stick-meta":"","header-below-stick-meta":"","astra-migrate-meta-layouts":"default","ast-page-background-enabled":"default","ast-page-background-meta":{"desktop":{"background-color":"var(--ast-global-color-4)","background-image":"","background-repeat":"repeat","background-position":"center center","background-size":"auto","background-attachment":"scroll","background-type":"","background-media":"","overlay-type":"","overlay-color":"","overlay-opacity":"","overlay-gradient":""},"tablet":{"background-color":"","background-image":"","background-repeat":"repeat","background-position":"center center","background-size":"auto","background-attachment":"scroll","background-type":"","background-media":"","overlay-type":"","overlay-color":"","overlay-opacity":"","overlay-gradient":""},"mobile":{"background-color":"","background-image":"","background-repeat":"repeat","background-position":"center center","background-size":"auto","background-attachment":"scroll","background-type":"","background-media":"","overlay-type":"","overlay-color":"","overlay-opacity":"","overlay-gradient":""}},"ast-content-background-meta":{"desktop":{"background-color":"var(--ast-global-color-5)","background-image":"","background-repeat":"repeat","background-position":"center center","background-size":"auto","background-attachment":"scroll","background-type":"","background-media":"","overlay-type":"","overlay-color":"","overlay-opacity":"","overlay-gradient":""},"tablet":{"background-color":"var(--ast-global-color-5)","background-image":"","background-repeat":"repeat","background-position":"center center","background-size":"auto","background-attachment":"scroll","background-type":"","background-media":"","overlay-type":"","overlay-color":"","overlay-opacity":"","overlay-gradient":""},"mobile":{"background-color":"var(--ast-global-color-5)","background-image":"","background-repeat":"repeat","background-position":"center center","background-size":"auto","background-attachment":"scroll","background-type":"","background-media":"","overlay-type":"","overlay-color":"","overlay-opacity":"","overlay-gradient":""}},"footnotes":""},"class_list":["post-4741","page","type-page","status-publish","hentry"],"aioseo_notices":[],"_links":{"self":[{"href":"https:\/\/smart-furnishing.com\/it\/wp-json\/wp\/v2\/pages\/4741","targetHints":{"allow":["GET"]}}],"collection":[{"href":"https:\/\/smart-furnishing.com\/it\/wp-json\/wp\/v2\/pages"}],"about":[{"href":"https:\/\/smart-furnishing.com\/it\/wp-json\/wp\/v2\/types\/page"}],"author":[{"embeddable":true,"href":"https:\/\/smart-furnishing.com\/it\/wp-json\/wp\/v2\/users\/2"}],"replies":[{"embeddable":true,"href":"https:\/\/smart-furnishing.com\/it\/wp-json\/wp\/v2\/comments?post=4741"}],"version-history":[{"count":1,"href":"https:\/\/smart-furnishing.com\/it\/wp-json\/wp\/v2\/pages\/4741\/revisions"}],"predecessor-version":[{"id":4742,"href":"https:\/\/smart-furnishing.com\/it\/wp-json\/wp\/v2\/pages\/4741\/revisions\/4742"}],"wp:attachment":[{"href":"https:\/\/smart-furnishing.com\/it\/wp-json\/wp\/v2\/media?parent=4741"}],"curies":[{"name":"wp","href":"https:\/\/api.w.org\/{rel}","templated":true}]}}