{"id":7128,"date":"2026-02-26T13:09:54","date_gmt":"2026-02-26T12:09:54","guid":{"rendered":"https:\/\/smart-furnishing.com\/hotels\/"},"modified":"2026-02-26T15:07:39","modified_gmt":"2026-02-26T14:07:39","slug":"hotels","status":"publish","type":"page","link":"https:\/\/smart-furnishing.com\/fr\/hotels\/","title":{"rendered":"H\u00f4tels"},"content":{"rendered":"\t\t<div data-elementor-type=\"wp-page\" data-elementor-id=\"7128\" class=\"elementor elementor-7128 elementor-6981\" data-elementor-post-type=\"page\">\n\t\t\t\t<div class=\"elementor-element elementor-element-1d30de93 e-flex e-con-boxed e-con e-parent\" data-id=\"1d30de93\" data-element_type=\"container\" data-e-type=\"container\" data-settings=\"{&quot;background_background&quot;:&quot;classic&quot;}\">\n\t\t\t\t\t<div class=\"e-con-inner\">\n\t\t<div class=\"elementor-element elementor-element-1cdc87fc e-con-full e-flex e-con e-child\" data-id=\"1cdc87fc\" data-element_type=\"container\" data-e-type=\"container\">\n\t\t<div class=\"elementor-element elementor-element-31de0b23 e-con-full e-flex e-con e-child\" data-id=\"31de0b23\" data-element_type=\"container\" data-e-type=\"container\">\n\t\t\t\t<div class=\"elementor-element elementor-element-7189b1db elementor-invisible elementor-widget elementor-widget-heading\" data-id=\"7189b1db\" data-element_type=\"widget\" data-e-type=\"widget\" data-settings=\"{&quot;_animation&quot;:&quot;fadeIn&quot;}\" data-widget_type=\"heading.default\">\n\t\t\t\t<div class=\"elementor-widget-container\">\n\t\t\t\t\t<h1 class=\"elementor-heading-title elementor-size-default\">H\u00f4tels<\/h1>\t\t\t\t<\/div>\n\t\t\t\t<\/div>\n\t\t\t\t<div class=\"elementor-element elementor-element-4ab28105 elementor-widget elementor-widget-heading\" data-id=\"4ab28105\" data-element_type=\"widget\" data-e-type=\"widget\" data-widget_type=\"heading.default\">\n\t\t\t\t<div class=\"elementor-widget-container\">\n\t\t\t\t\t<h4 class=\"elementor-heading-title elementor-size-default\">Smart Furnishing for Hotels \u2013 How we can help you increase your hotel revenue\n\n\n<\/h4>\t\t\t\t<\/div>\n\t\t\t\t<\/div>\n\t\t\t\t<\/div>\n\t\t\t\t<\/div>\n\t\t<div class=\"elementor-element elementor-element-1a82a8f4 e-con-full e-flex e-con e-child\" data-id=\"1a82a8f4\" data-element_type=\"container\" data-e-type=\"container\">\n\t\t\t\t<div class=\"elementor-element elementor-element-4c134a2d elementor-widget elementor-widget-text-editor\" data-id=\"4c134a2d\" data-element_type=\"widget\" data-e-type=\"widget\" data-widget_type=\"text-editor.default\">\n\t\t\t\t<div class=\"elementor-widget-container\">\n\t\t\t\t\t\t\t\t\t<p>Les clients s\u2019attendent \u00e0 des \u00e9quipements modernes. Un mobilier d\u00e9pass\u00e9 entra\u00eene moins de revenus et de moins bonnes \u00e9valuations ; remplacer tout le mobilier n\u00e9cessite g\u00e9n\u00e9ralement un investissement initial important. Louer plut\u00f4t qu\u2019acheter permet des co\u00fbts mensuels pr\u00e9visibles. Nous proposons :   <\/p><ul><li>Accords flexibles selon vos besoins<\/li><li>Mises \u00e0 niveau r\u00e9guli\u00e8res pour que vos chambres restent fra\u00eeches et actuelles<\/li><li>\u00c0 partir de seulement <span style=\"text-decoration: underline;\">CHF 99 par chambre \/ mois<\/span><\/li><\/ul><p>Cela se traduit par :<\/p><ul><li>De meilleures \u00e9valuations<\/li><li>Un taux d\u2019occupation plus \u00e9lev\u00e9<\/li><li>5 % de revenus suppl\u00e9mentaires avec un investissement initial minimal<\/li><\/ul>\t\t\t\t\t\t\t\t<\/div>\n\t\t\t\t<\/div>\n\t\t\t\t<\/div>\n\t\t\t\t\t<\/div>\n\t\t\t\t<\/div>\n\t\t<div class=\"elementor-element elementor-element-470a71b5 e-flex e-con-boxed e-con e-parent\" data-id=\"470a71b5\" data-element_type=\"container\" data-e-type=\"container\" data-settings=\"{&quot;background_background&quot;:&quot;classic&quot;}\">\n\t\t\t\t\t<div class=\"e-con-inner\">\n\t\t<div class=\"elementor-element elementor-element-1960e60e e-con-full e-flex e-con e-child\" data-id=\"1960e60e\" data-element_type=\"container\" data-e-type=\"container\">\n\t\t<div class=\"elementor-element elementor-element-2f4c93d0 e-con-full e-flex e-con e-child\" data-id=\"2f4c93d0\" data-element_type=\"container\" data-e-type=\"container\">\n\t\t\t\t<div class=\"elementor-element elementor-element-827f938 elementor-invisible elementor-widget elementor-widget-heading\" data-id=\"827f938\" data-element_type=\"widget\" data-e-type=\"widget\" data-settings=\"{&quot;_animation&quot;:&quot;fadeInLeft&quot;}\" data-widget_type=\"heading.default\">\n\t\t\t\t<div class=\"elementor-widget-container\">\n\t\t\t\t\t<h2 class=\"elementor-heading-title elementor-size-default\">Complete redesign with new furniture rentals<\/h2>\t\t\t\t<\/div>\n\t\t\t\t<\/div>\n\t\t\t\t<\/div>\n\t\t\t\t<\/div>\n\t\t<div class=\"elementor-element elementor-element-36f2e1e4 e-con-full e-flex e-con e-child\" data-id=\"36f2e1e4\" data-element_type=\"container\" data-e-type=\"container\">\n\t\t\t\t<div class=\"elementor-element elementor-element-1dbb665e elementor-widget elementor-widget-text-editor\" data-id=\"1dbb665e\" data-element_type=\"widget\" data-e-type=\"widget\" data-widget_type=\"text-editor.default\">\n\t\t\t\t<div class=\"elementor-widget-container\">\n\t\t\t\t\t\t\t\t\t<p>Remplacer tout le mobilier d\u2019un h\u00f4tel n\u00e9cessite g\u00e9n\u00e9ralement un investissement initial cons\u00e9quent. Notre mod\u00e8le de location de mobilier neuf vous permet de repenser les chambres et les espaces publics avec du mobilier enti\u00e8rement neuf tout en conservant des co\u00fbts mensuels pr\u00e9visibles. <\/p><p>Nous proposons des accords flexibles, un accompagnement en design d\u2019int\u00e9rieur et une livraison rapide, vous permettant de rafra\u00eechir votre \u00e9tablissement sans perturber l\u2019exploitation. \u00c0 la fin du contrat, vous pouvez choisir de conserver le mobilier, de renouveler le concept ou de passer \u00e0 un nouveau design \u2014 afin de rester comp\u00e9titif sur un march\u00e9 en constante \u00e9volution. <\/p>\t\t\t\t\t\t\t\t<\/div>\n\t\t\t\t<\/div>\n\t\t\t\t<\/div>\n\t\t\t\t\t<\/div>\n\t\t\t\t<\/div>\n\t\t<div class=\"elementor-element elementor-element-399fb158 e-flex e-con-boxed e-con e-parent\" data-id=\"399fb158\" data-element_type=\"container\" data-e-type=\"container\" data-settings=\"{&quot;background_background&quot;:&quot;classic&quot;}\">\n\t\t\t\t\t<div class=\"e-con-inner\">\n\t\t\t\t<div class=\"elementor-element elementor-element-7be5dd7 elementor-invisible elementor-widget elementor-widget-heading\" data-id=\"7be5dd7\" data-element_type=\"widget\" data-e-type=\"widget\" data-settings=\"{&quot;_animation&quot;:&quot;fadeIn&quot;}\" data-widget_type=\"heading.default\">\n\t\t\t\t<div class=\"elementor-widget-container\">\n\t\t\t\t\t<h2 class=\"elementor-heading-title elementor-size-default\">\u00c9tudes de cas<\/h2>\t\t\t\t<\/div>\n\t\t\t\t<\/div>\n\t\t\t\t<div class=\"elementor-element elementor-element-18d40e24 elementor-grid-4 elementor-grid-tablet-2 elementor-grid-mobile-1 elementor-widget elementor-widget-loop-grid\" data-id=\"18d40e24\" data-element_type=\"widget\" data-e-type=\"widget\" data-settings=\"{&quot;template_id&quot;:1971,&quot;columns&quot;:4,&quot;row_gap&quot;:{&quot;unit&quot;:&quot;px&quot;,&quot;size&quot;:15,&quot;sizes&quot;:[]},&quot;_skin&quot;:&quot;post&quot;,&quot;columns_tablet&quot;:&quot;2&quot;,&quot;columns_mobile&quot;:&quot;1&quot;,&quot;edit_handle_selector&quot;:&quot;[data-elementor-type=\\&quot;loop-item\\&quot;]&quot;,&quot;row_gap_tablet_extra&quot;:{&quot;unit&quot;:&quot;px&quot;,&quot;size&quot;:&quot;&quot;,&quot;sizes&quot;:[]},&quot;row_gap_tablet&quot;:{&quot;unit&quot;:&quot;px&quot;,&quot;size&quot;:&quot;&quot;,&quot;sizes&quot;:[]},&quot;row_gap_mobile&quot;:{&quot;unit&quot;:&quot;px&quot;,&quot;size&quot;:&quot;&quot;,&quot;sizes&quot;:[]}}\" data-widget_type=\"loop-grid.post\">\n\t\t\t\t<div class=\"elementor-widget-container\">\n\t\t\t\t\t\t\t<div class=\"e-loop-nothing-found-message\">\n\t\t<\/div>\n\t\t\t\t\t\t<\/div>\n\t\t\t\t<\/div>\n\t\t\t\t\t<\/div>\n\t\t\t\t<\/div>\n\t\t\t\t<\/div>\n\t\t","protected":false},"excerpt":{"rendered":"<p>H\u00f4tels Smart Furnishing for Hotels \u2013 How we can help you increase your hotel revenue Les clients s\u2019attendent \u00e0 des [&hellip;]<\/p>\n","protected":false},"author":2,"featured_media":0,"parent":0,"menu_order":0,"comment_status":"closed","ping_status":"closed","template":"","meta":{"site-sidebar-layout":"no-sidebar","site-content-layout":"","ast-site-content-layout":"full-width-container","site-content-style":"default","site-sidebar-style":"default","ast-global-header-display":"","ast-banner-title-visibility":"","ast-main-header-display":"","ast-hfb-above-header-display":"","ast-hfb-below-header-display":"","ast-hfb-mobile-header-display":"","site-post-title":"disabled","ast-breadcrumbs-content":"","ast-featured-img":"disabled","footer-sml-layout":"","ast-disable-related-posts":"","theme-transparent-header-meta":"","adv-header-id-meta":"","stick-header-meta":"","header-above-stick-meta":"","header-main-stick-meta":"","header-below-stick-meta":"","astra-migrate-meta-layouts":"default","ast-page-background-enabled":"default","ast-page-background-meta":{"desktop":{"background-color":"var(--ast-global-color-4)","background-image":"","background-repeat":"repeat","background-position":"center center","background-size":"auto","background-attachment":"scroll","background-type":"","background-media":"","overlay-type":"","overlay-color":"","overlay-opacity":"","overlay-gradient":""},"tablet":{"background-color":"","background-image":"","background-repeat":"repeat","background-position":"center center","background-size":"auto","background-attachment":"scroll","background-type":"","background-media":"","overlay-type":"","overlay-color":"","overlay-opacity":"","overlay-gradient":""},"mobile":{"background-color":"","background-image":"","background-repeat":"repeat","background-position":"center center","background-size":"auto","background-attachment":"scroll","background-type":"","background-media":"","overlay-type":"","overlay-color":"","overlay-opacity":"","overlay-gradient":""}},"ast-content-background-meta":{"desktop":{"background-color":"var(--ast-global-color-5)","background-image":"","background-repeat":"repeat","background-position":"center center","background-size":"auto","background-attachment":"scroll","background-type":"","background-media":"","overlay-type":"","overlay-color":"","overlay-opacity":"","overlay-gradient":""},"tablet":{"background-color":"var(--ast-global-color-5)","background-image":"","background-repeat":"repeat","background-position":"center center","background-size":"auto","background-attachment":"scroll","background-type":"","background-media":"","overlay-type":"","overlay-color":"","overlay-opacity":"","overlay-gradient":""},"mobile":{"background-color":"var(--ast-global-color-5)","background-image":"","background-repeat":"repeat","background-position":"center center","background-size":"auto","background-attachment":"scroll","background-type":"","background-media":"","overlay-type":"","overlay-color":"","overlay-opacity":"","overlay-gradient":""}},"footnotes":""},"class_list":["post-7128","page","type-page","status-publish","hentry"],"aioseo_notices":[],"_links":{"self":[{"href":"https:\/\/smart-furnishing.com\/fr\/wp-json\/wp\/v2\/pages\/7128","targetHints":{"allow":["GET"]}}],"collection":[{"href":"https:\/\/smart-furnishing.com\/fr\/wp-json\/wp\/v2\/pages"}],"about":[{"href":"https:\/\/smart-furnishing.com\/fr\/wp-json\/wp\/v2\/types\/page"}],"author":[{"embeddable":true,"href":"https:\/\/smart-furnishing.com\/fr\/wp-json\/wp\/v2\/users\/2"}],"replies":[{"embeddable":true,"href":"https:\/\/smart-furnishing.com\/fr\/wp-json\/wp\/v2\/comments?post=7128"}],"version-history":[{"count":1,"href":"https:\/\/smart-furnishing.com\/fr\/wp-json\/wp\/v2\/pages\/7128\/revisions"}],"predecessor-version":[{"id":7129,"href":"https:\/\/smart-furnishing.com\/fr\/wp-json\/wp\/v2\/pages\/7128\/revisions\/7129"}],"wp:attachment":[{"href":"https:\/\/smart-furnishing.com\/fr\/wp-json\/wp\/v2\/media?parent=7128"}],"curies":[{"name":"wp","href":"https:\/\/api.w.org\/{rel}","templated":true}]}}