{"id":4628,"date":"2024-06-21T14:41:42","date_gmt":"2024-06-21T12:41:42","guid":{"rendered":"https:\/\/smart-furnishing.com\/avis-de-confidentialite\/"},"modified":"2024-10-31T07:00:29","modified_gmt":"2024-10-31T06:00:29","slug":"avis-de-confidentialite","status":"publish","type":"page","link":"https:\/\/smart-furnishing.com\/fr\/avis-de-confidentialite\/","title":{"rendered":"Avis de confidentialit\u00e9"},"content":{"rendered":"\t\t<div data-elementor-type=\"wp-page\" data-elementor-id=\"4628\" class=\"elementor elementor-4628 elementor-3\" data-elementor-post-type=\"page\">\n\t\t\t\t<div class=\"elementor-element elementor-element-9601689 e-flex e-con-boxed e-con e-parent\" data-id=\"9601689\" data-element_type=\"container\" data-e-type=\"container\" data-settings=\"{&quot;background_background&quot;:&quot;classic&quot;}\">\n\t\t\t\t\t<div class=\"e-con-inner\">\n\t\t<div class=\"elementor-element elementor-element-adb83fa e-con-full e-flex e-con e-child\" data-id=\"adb83fa\" data-element_type=\"container\" data-e-type=\"container\">\n\t\t<div class=\"elementor-element elementor-element-63161eb e-con-full e-flex e-con e-child\" data-id=\"63161eb\" data-element_type=\"container\" data-e-type=\"container\">\n\t\t\t\t<div class=\"elementor-element elementor-element-c3a8901 elementor-widget elementor-widget-heading\" data-id=\"c3a8901\" data-element_type=\"widget\" data-e-type=\"widget\" data-widget_type=\"heading.default\">\n\t\t\t\t<div class=\"elementor-widget-container\">\n\t\t\t\t\t<h2 class=\"elementor-heading-title elementor-size-default\">Avis juridique<\/h2>\t\t\t\t<\/div>\n\t\t\t\t<\/div>\n\t\t\t\t<\/div>\n\t\t\t\t<\/div>\n\t\t<div class=\"elementor-element elementor-element-40577fc e-con-full e-flex e-con e-child\" data-id=\"40577fc\" data-element_type=\"container\" data-e-type=\"container\">\n\t\t\t\t<\/div>\n\t\t\t\t\t<\/div>\n\t\t\t\t<\/div>\n\t\t<div class=\"elementor-element elementor-element-f62debe e-flex e-con-boxed e-con e-parent\" data-id=\"f62debe\" data-element_type=\"container\" data-e-type=\"container\" data-settings=\"{&quot;background_background&quot;:&quot;classic&quot;}\">\n\t\t\t\t\t<div class=\"e-con-inner\">\n\t\t<div class=\"elementor-element elementor-element-192d4f5 e-con-full e-flex e-con e-child\" data-id=\"192d4f5\" data-element_type=\"container\" data-e-type=\"container\">\n\t\t<div class=\"elementor-element elementor-element-db4d9c6 e-con-full e-flex e-con e-child\" data-id=\"db4d9c6\" data-element_type=\"container\" data-e-type=\"container\">\n\t\t\t\t<div class=\"elementor-element elementor-element-bfc886f elementor-invisible elementor-widget elementor-widget-heading\" data-id=\"bfc886f\" data-element_type=\"widget\" data-e-type=\"widget\" data-settings=\"{&quot;_animation&quot;:&quot;fadeIn&quot;}\" data-widget_type=\"heading.default\">\n\t\t\t\t<div class=\"elementor-widget-container\">\n\t\t\t\t\t<h4 class=\"elementor-heading-title elementor-size-default\">Vos informations personnelles sont en s\u00e9curit\u00e9 chez nous<\/h4>\t\t\t\t<\/div>\n\t\t\t\t<\/div>\n\t\t\t\t<\/div>\n\t\t\t\t<\/div>\n\t\t<div class=\"elementor-element elementor-element-6cef3c1 e-con-full e-flex e-con e-child\" data-id=\"6cef3c1\" data-element_type=\"container\" data-e-type=\"container\">\n\t\t\t\t<div class=\"elementor-element elementor-element-dd400c1 elementor-widget elementor-widget-text-editor\" data-id=\"dd400c1\" data-element_type=\"widget\" data-e-type=\"widget\" data-widget_type=\"text-editor.default\">\n\t\t\t\t<div class=\"elementor-widget-container\">\n\t\t\t\t\t\t\t\t\t<p>En tant qu&rsquo;entreprise certifi\u00e9e ISO 27001, nous stockons, g\u00e9rons et prot\u00e9geons vos donn\u00e9es conform\u00e9ment \u00e0 notre certification ISO en mati\u00e8re de s\u00e9curit\u00e9 des donn\u00e9es.<br><br>Les clients, les partenaires et les employ\u00e9s peuvent \u00eatre assur\u00e9s que les informations personnelles et financi\u00e8res restent s\u00e9curis\u00e9es.<br><br>Packimpex a \u00e9t\u00e9 l&rsquo;une des premi\u00e8res entreprises du secteur europ\u00e9en de la relocalisation \u00e0 recevoir la certification ISO 27001.<br><br>L&rsquo;accr\u00e9ditation, officiellement connue sous le nom d&rsquo;ISO\/IEC 27001:2013, certifie qu&rsquo;un syst\u00e8me de gestion de la s\u00e9curit\u00e9 de l&rsquo;information (SGSI) complet a \u00e9t\u00e9 con\u00e7u et mis en \u0153uvre. Elle d\u00e9montre que Packimpex g\u00e8re de mani\u00e8re s\u00fbre et m\u00e9ticuleuse des actifs tels que les informations financi\u00e8res, la propri\u00e9t\u00e9 intellectuelle, les d\u00e9tails personnels des clients et des employ\u00e9s. <br><br>La norme ISO 27001 est consid\u00e9r\u00e9e comme la norme internationale la plus prestigieuse en mati\u00e8re de s\u00e9curit\u00e9 de l&rsquo;information. Alors que les risques associ\u00e9s aux cyber-attaques et aux violations de donn\u00e9es continuent d&rsquo;augmenter, la protection des informations n&rsquo;a jamais \u00e9t\u00e9 aussi importante qu&rsquo;aujourd&rsquo;hui. L&rsquo;obtention de cette accr\u00e9ditation \u00e9tait un objectif cl\u00e9 pour Packimpex, car le certificat souligne notre engagement \u00e0 traiter les donn\u00e9es de nos clients de mani\u00e8re s\u00e9curis\u00e9e et confidentielle.  <br><br>\u00ab\u00a0Cette certification est la derni\u00e8re \u00e9tape de notre engagement en mati\u00e8re de s\u00e9curit\u00e9 de l&rsquo;information. Les clients peuvent \u00eatre assur\u00e9s que nos syst\u00e8mes de gestion de l&rsquo;information fonctionnent au plus haut niveau, ce qui nous permet d&rsquo;offrir un service exceptionnel\u00a0\u00bb, a d\u00e9clar\u00e9 Damian Aebischer, PDG de Packimpex.<br><br>\u00ab\u00a0C&rsquo;est une grande r\u00e9ussite qui montre que nous nous investissons r\u00e9ellement dans la compr\u00e9hension des besoins de nos clients et que nous travaillons avec eux pour leur fournir des solutions de haute qualit\u00e9\u00a0\u00bb.<\/p>\n<p><br><a href=\"https:\/\/www.packimpex.com\/terms-conditions\">CONSULTEZ NOTRE POLITIQUE DE CONFIDENTIALIT\u00c9 DES DONN\u00c9ES<\/a> <\/p>\t\t\t\t\t\t\t\t<\/div>\n\t\t\t\t<\/div>\n\t\t\t\t<\/div>\n\t\t\t\t\t<\/div>\n\t\t\t\t<\/div>\n\t\t<div class=\"elementor-element elementor-element-4d98362 e-flex e-con-boxed e-con e-parent\" data-id=\"4d98362\" data-element_type=\"container\" data-e-type=\"container\" data-settings=\"{&quot;background_background&quot;:&quot;classic&quot;}\">\n\t\t\t\t\t<div class=\"e-con-inner\">\n\t\t<div class=\"elementor-element elementor-element-fc52938 e-con-full e-flex e-con e-child\" data-id=\"fc52938\" data-element_type=\"container\" data-e-type=\"container\">\n\t\t<div class=\"elementor-element elementor-element-bea6908 e-con-full e-flex e-con e-child\" data-id=\"bea6908\" data-element_type=\"container\" data-e-type=\"container\">\n\t\t\t\t<div class=\"elementor-element elementor-element-1859d44 elementor-widget elementor-widget-heading\" data-id=\"1859d44\" data-element_type=\"widget\" data-e-type=\"widget\" data-widget_type=\"heading.default\">\n\t\t\t\t<div class=\"elementor-widget-container\">\n\t\t\t\t\t<h2 class=\"elementor-heading-title elementor-size-default\">Conditions g\u00e9n\u00e9rales<\/h2>\t\t\t\t<\/div>\n\t\t\t\t<\/div>\n\t\t\t\t<\/div>\n\t\t\t\t<\/div>\n\t\t<div class=\"elementor-element elementor-element-db42baf e-con-full e-flex e-con e-child\" data-id=\"db42baf\" data-element_type=\"container\" data-e-type=\"container\">\n\t\t\t\t<\/div>\n\t\t\t\t\t<\/div>\n\t\t\t\t<\/div>\n\t\t<div class=\"elementor-element elementor-element-ae90a69 e-flex e-con-boxed e-con e-parent\" data-id=\"ae90a69\" data-element_type=\"container\" data-e-type=\"container\" data-settings=\"{&quot;background_background&quot;:&quot;classic&quot;}\">\n\t\t\t\t\t<div class=\"e-con-inner\">\n\t\t<div class=\"elementor-element elementor-element-d16592e e-con-full e-flex e-con e-child\" data-id=\"d16592e\" data-element_type=\"container\" data-e-type=\"container\">\n\t\t<div class=\"elementor-element elementor-element-fb4a150 e-con-full e-flex e-con e-child\" data-id=\"fb4a150\" data-element_type=\"container\" data-e-type=\"container\">\n\t\t\t\t<div class=\"elementor-element elementor-element-ecda318 elementor-invisible elementor-widget elementor-widget-heading\" data-id=\"ecda318\" data-element_type=\"widget\" data-e-type=\"widget\" data-settings=\"{&quot;_animation&quot;:&quot;fadeIn&quot;}\" data-widget_type=\"heading.default\">\n\t\t\t\t<div class=\"elementor-widget-container\">\n\t\t\t\t\t<h4 class=\"elementor-heading-title elementor-size-default\">Conditions d'utilisation de smart-furnishing.ch, smartfurnishing.ch, smart-furnishing.com et packimpex.com<\/h4>\t\t\t\t<\/div>\n\t\t\t\t<\/div>\n\t\t\t\t<\/div>\n\t\t\t\t<\/div>\n\t\t<div class=\"elementor-element elementor-element-bd87095 e-con-full e-flex e-con e-child\" data-id=\"bd87095\" data-element_type=\"container\" data-e-type=\"container\">\n\t\t\t\t<div class=\"elementor-element elementor-element-5f2b621 elementor-widget elementor-widget-text-editor\" data-id=\"5f2b621\" data-element_type=\"widget\" data-e-type=\"widget\" data-widget_type=\"text-editor.default\">\n\t\t\t\t<div class=\"elementor-widget-container\">\n\t\t\t\t\t\t\t\t\t<p>Les pr\u00e9sentes conditions d&rsquo;utilisation r\u00e9gissent le site Web www.packimpex.com, y compris tous ses sous-domaines (le Site Web), les applications smartphone associ\u00e9es et les activit\u00e9s de Packimpex Ltd, un groupe de soci\u00e9t\u00e9s dont le si\u00e8ge social se trouve en Suisse et qui poss\u00e8de des filiales dans plusieurs pays (ci-apr\u00e8s \u00ab\u00a0Packimpex\u00a0\u00bb).<\/p>\n<p>Ces conditions expliquent notre politique de confidentialit\u00e9, vos droits lorsque vous utilisez nos services, nos droits et les r\u00e8gles que nous \u00e9tablissons pour les utilisateurs de nos sites web et de nos applis.<\/p>\n<p>En utilisant les sites Web www.smart-furnishing.ch, www.smartfurnishing.ch, www.smart-furnishing.com et www.packimpex.com (les sites Web), ou toute plate-forme en ligne associ\u00e9e (par exemple les sous-domaines de packimpex.com ou les sous-sites de packimpex.ch, ou toute application pour smartphone de Packimpex), vous acceptez les pr\u00e9sentes Conditions g\u00e9n\u00e9rales d&rsquo;utilisation (Conditions g\u00e9n\u00e9rales).<\/p>\n<p>Packimpex adh\u00e8re \u00e9galement aux lois sur la protection de la vie priv\u00e9e sp\u00e9cifiques \u00e0 l&rsquo;\u00e9tat dans les pays o\u00f9 il op\u00e8re. Ces politiques de confidentialit\u00e9 sp\u00e9cifiques \u00e0 chaque pays sont fournies sur cette page. <\/p>\n<p>Nous nous r\u00e9servons le droit, \u00e0 notre seule discr\u00e9tion, de changer, de modifier, d&rsquo;ajouter ou de supprimer des parties des pr\u00e9sentes conditions g\u00e9n\u00e9rales \u00e0 tout moment. Nous vous conseillons de v\u00e9rifier r\u00e9guli\u00e8rement si des changements ont \u00e9t\u00e9 apport\u00e9s aux pr\u00e9sentes conditions g\u00e9n\u00e9rales. En utilisant le site web une fois que nous avons publi\u00e9 des modifications aux pr\u00e9sentes conditions g\u00e9n\u00e9rales, vous acceptez ces modifications, que vous les ayez lues ou non.  <\/p>\n<p><a href=\"https:\/\/www.packimpex.com\/terms-conditions\">Conditions g\u00e9n\u00e9rales d\u00e9taill\u00e9es de Packimpex.com<\/a><\/p>\t\t\t\t\t\t\t\t<\/div>\n\t\t\t\t<\/div>\n\t\t\t\t<\/div>\n\t\t\t\t\t<\/div>\n\t\t\t\t<\/div>\n\t\t\t\t<\/div>\n\t\t","protected":false},"excerpt":{"rendered":"<p>Avis juridique Vos informations personnelles sont en s\u00e9curit\u00e9 chez nous En tant qu&rsquo;entreprise certifi\u00e9e ISO 27001, nous stockons, g\u00e9rons et [&hellip;]<\/p>\n","protected":false},"author":2,"featured_media":0,"parent":0,"menu_order":0,"comment_status":"closed","ping_status":"open","template":"","meta":{"site-sidebar-layout":"default","site-content-layout":"","ast-site-content-layout":"default","site-content-style":"default","site-sidebar-style":"default","ast-global-header-display":"","ast-banner-title-visibility":"","ast-main-header-display":"","ast-hfb-above-header-display":"","ast-hfb-below-header-display":"","ast-hfb-mobile-header-display":"","site-post-title":"","ast-breadcrumbs-content":"","ast-featured-img":"","footer-sml-layout":"","ast-disable-related-posts":"","theme-transparent-header-meta":"","adv-header-id-meta":"","stick-header-meta":"","header-above-stick-meta":"","header-main-stick-meta":"","header-below-stick-meta":"","astra-migrate-meta-layouts":"default","ast-page-background-enabled":"default","ast-page-background-meta":{"desktop":{"background-color":"var(--ast-global-color-4)","background-image":"","background-repeat":"repeat","background-position":"center center","background-size":"auto","background-attachment":"scroll","background-type":"","background-media":"","overlay-type":"","overlay-color":"","overlay-opacity":"","overlay-gradient":""},"tablet":{"background-color":"","background-image":"","background-repeat":"repeat","background-position":"center center","background-size":"auto","background-attachment":"scroll","background-type":"","background-media":"","overlay-type":"","overlay-color":"","overlay-opacity":"","overlay-gradient":""},"mobile":{"background-color":"","background-image":"","background-repeat":"repeat","background-position":"center center","background-size":"auto","background-attachment":"scroll","background-type":"","background-media":"","overlay-type":"","overlay-color":"","overlay-opacity":"","overlay-gradient":""}},"ast-content-background-meta":{"desktop":{"background-color":"var(--ast-global-color-5)","background-image":"","background-repeat":"repeat","background-position":"center center","background-size":"auto","background-attachment":"scroll","background-type":"","background-media":"","overlay-type":"","overlay-color":"","overlay-opacity":"","overlay-gradient":""},"tablet":{"background-color":"var(--ast-global-color-5)","background-image":"","background-repeat":"repeat","background-position":"center center","background-size":"auto","background-attachment":"scroll","background-type":"","background-media":"","overlay-type":"","overlay-color":"","overlay-opacity":"","overlay-gradient":""},"mobile":{"background-color":"var(--ast-global-color-5)","background-image":"","background-repeat":"repeat","background-position":"center center","background-size":"auto","background-attachment":"scroll","background-type":"","background-media":"","overlay-type":"","overlay-color":"","overlay-opacity":"","overlay-gradient":""}},"footnotes":""},"class_list":["post-4628","page","type-page","status-publish","hentry"],"aioseo_notices":[],"_links":{"self":[{"href":"https:\/\/smart-furnishing.com\/fr\/wp-json\/wp\/v2\/pages\/4628","targetHints":{"allow":["GET"]}}],"collection":[{"href":"https:\/\/smart-furnishing.com\/fr\/wp-json\/wp\/v2\/pages"}],"about":[{"href":"https:\/\/smart-furnishing.com\/fr\/wp-json\/wp\/v2\/types\/page"}],"author":[{"embeddable":true,"href":"https:\/\/smart-furnishing.com\/fr\/wp-json\/wp\/v2\/users\/2"}],"replies":[{"embeddable":true,"href":"https:\/\/smart-furnishing.com\/fr\/wp-json\/wp\/v2\/comments?post=4628"}],"version-history":[{"count":1,"href":"https:\/\/smart-furnishing.com\/fr\/wp-json\/wp\/v2\/pages\/4628\/revisions"}],"predecessor-version":[{"id":4629,"href":"https:\/\/smart-furnishing.com\/fr\/wp-json\/wp\/v2\/pages\/4628\/revisions\/4629"}],"wp:attachment":[{"href":"https:\/\/smart-furnishing.com\/fr\/wp-json\/wp\/v2\/media?parent=4628"}],"curies":[{"name":"wp","href":"https:\/\/api.w.org\/{rel}","templated":true}]}}