{"id":4560,"date":"2024-06-21T14:41:42","date_gmt":"2024-06-21T12:41:42","guid":{"rendered":"https:\/\/smart-furnishing.com\/rechtlicher-hinweis\/"},"modified":"2024-10-30T15:50:10","modified_gmt":"2024-10-30T14:50:10","slug":"rechtlicher-hinweis","status":"publish","type":"page","link":"https:\/\/smart-furnishing.com\/de\/rechtlicher-hinweis\/","title":{"rendered":"Rechtlicher Hinweis"},"content":{"rendered":"\t\t<div data-elementor-type=\"wp-page\" data-elementor-id=\"4560\" class=\"elementor elementor-4560 elementor-3\" data-elementor-post-type=\"page\">\n\t\t\t\t<div class=\"elementor-element elementor-element-9601689 e-flex e-con-boxed e-con e-parent\" data-id=\"9601689\" data-element_type=\"container\" data-e-type=\"container\" data-settings=\"{&quot;background_background&quot;:&quot;classic&quot;}\">\n\t\t\t\t\t<div class=\"e-con-inner\">\n\t\t<div class=\"elementor-element elementor-element-adb83fa e-con-full e-flex e-con e-child\" data-id=\"adb83fa\" data-element_type=\"container\" data-e-type=\"container\">\n\t\t<div class=\"elementor-element elementor-element-63161eb e-con-full e-flex e-con e-child\" data-id=\"63161eb\" data-element_type=\"container\" data-e-type=\"container\">\n\t\t\t\t<div class=\"elementor-element elementor-element-c3a8901 elementor-widget elementor-widget-heading\" data-id=\"c3a8901\" data-element_type=\"widget\" data-e-type=\"widget\" data-widget_type=\"heading.default\">\n\t\t\t\t<div class=\"elementor-widget-container\">\n\t\t\t\t\t<h2 class=\"elementor-heading-title elementor-size-default\">Rechtlicher Hinweis<\/h2>\t\t\t\t<\/div>\n\t\t\t\t<\/div>\n\t\t\t\t<\/div>\n\t\t\t\t<\/div>\n\t\t<div class=\"elementor-element elementor-element-40577fc e-con-full e-flex e-con e-child\" data-id=\"40577fc\" data-element_type=\"container\" data-e-type=\"container\">\n\t\t\t\t<\/div>\n\t\t\t\t\t<\/div>\n\t\t\t\t<\/div>\n\t\t<div class=\"elementor-element elementor-element-f62debe e-flex e-con-boxed e-con e-parent\" data-id=\"f62debe\" data-element_type=\"container\" data-e-type=\"container\" data-settings=\"{&quot;background_background&quot;:&quot;classic&quot;}\">\n\t\t\t\t\t<div class=\"e-con-inner\">\n\t\t<div class=\"elementor-element elementor-element-192d4f5 e-con-full e-flex e-con e-child\" data-id=\"192d4f5\" data-element_type=\"container\" data-e-type=\"container\">\n\t\t<div class=\"elementor-element elementor-element-db4d9c6 e-con-full e-flex e-con e-child\" data-id=\"db4d9c6\" data-element_type=\"container\" data-e-type=\"container\">\n\t\t\t\t<div class=\"elementor-element elementor-element-bfc886f elementor-invisible elementor-widget elementor-widget-heading\" data-id=\"bfc886f\" data-element_type=\"widget\" data-e-type=\"widget\" data-settings=\"{&quot;_animation&quot;:&quot;fadeIn&quot;}\" data-widget_type=\"heading.default\">\n\t\t\t\t<div class=\"elementor-widget-container\">\n\t\t\t\t\t<h4 class=\"elementor-heading-title elementor-size-default\">Ihre pers\u00f6nlichen Daten sind bei uns sicher<\/h4>\t\t\t\t<\/div>\n\t\t\t\t<\/div>\n\t\t\t\t<\/div>\n\t\t\t\t<\/div>\n\t\t<div class=\"elementor-element elementor-element-6cef3c1 e-con-full e-flex e-con e-child\" data-id=\"6cef3c1\" data-element_type=\"container\" data-e-type=\"container\">\n\t\t\t\t<div class=\"elementor-element elementor-element-dd400c1 elementor-widget elementor-widget-text-editor\" data-id=\"dd400c1\" data-element_type=\"widget\" data-e-type=\"widget\" data-widget_type=\"text-editor.default\">\n\t\t\t\t<div class=\"elementor-widget-container\">\n\t\t\t\t\t\t\t\t\t<p>Als ISO 27001-zertifiziertes Unternehmen speichern, verwalten und sch\u00fctzen wir Ihre Daten in \u00dcbereinstimmung mit unserer ISO-Zertifizierung f\u00fcr Datensicherheit.<br><br>Kunden, Partner und Mitarbeiter k\u00f6nnen sich darauf verlassen, dass ihre pers\u00f6nlichen und finanziellen Daten sicher bleiben.<br><br>Packimpex war eines der ersten Unternehmen in der europ\u00e4ischen Umzugsindustrie, das die ISO 27001-Zertifizierung erhielt.<br><br>Die Akkreditierung, formal bekannt als ISO\/IEC 27001:2013, bescheinigt, dass ein umfassendes Informationssicherheitsmanagementsystem (ISMS) konzipiert und umgesetzt wurde. Es zeigt, dass Packimpex Verm\u00f6genswerte wie finanzielle Informationen, geistiges Eigentum, pers\u00f6nliche Daten von Kunden und Mitarbeitern sicher und sorgf\u00e4ltig verwaltet. <br><br>ISO 27001 gilt als die renommierteste internationale Norm f\u00fcr Informationssicherheit. Da die Risiken im Zusammenhang mit Cyberangriffen und Datenschutzverletzungen weiter zunehmen, war der Schutz von Informationen noch nie so wichtig wie heute. Die Erlangung dieser Akkreditierung war f\u00fcr Packimpex von zentraler Bedeutung, da das Zertifikat unser Engagement unterstreicht, die Daten unserer Kunden sicher und vertraulich zu behandeln.  <br><br>&#8222;Diese Zertifizierung ist der j\u00fcngste Meilenstein in unserem Engagement f\u00fcr die Informationssicherheit. Die Kunden k\u00f6nnen sicher sein, dass unsere Informationsmanagementsysteme auf h\u00f6chstem Niveau funktionieren, und das erm\u00f6glicht es uns, einen hervorragenden Service zu bieten&#8220;, sagte Damian Aebischer, CEO von Packimpex.<br><br>&#8222;Das ist eine grossartige Leistung, die zeigt, dass wir wirklich daran interessiert sind, die Bed\u00fcrfnisse unserer Kunden zu verstehen und mit ihnen zusammenzuarbeiten, um qualitativ hochwertige L\u00f6sungen zu liefern&#8220;<\/p>\n<p><br><a href=\"https:\/\/www.packimpex.com\/terms-conditions\">UNSERE DATENSCHUTZERKL\u00c4RUNG EINSEHEN<\/a> <\/p>\t\t\t\t\t\t\t\t<\/div>\n\t\t\t\t<\/div>\n\t\t\t\t<\/div>\n\t\t\t\t\t<\/div>\n\t\t\t\t<\/div>\n\t\t<div class=\"elementor-element elementor-element-4d98362 e-flex e-con-boxed e-con e-parent\" data-id=\"4d98362\" data-element_type=\"container\" data-e-type=\"container\" data-settings=\"{&quot;background_background&quot;:&quot;classic&quot;}\">\n\t\t\t\t\t<div class=\"e-con-inner\">\n\t\t<div class=\"elementor-element elementor-element-fc52938 e-con-full e-flex e-con e-child\" data-id=\"fc52938\" data-element_type=\"container\" data-e-type=\"container\">\n\t\t<div class=\"elementor-element elementor-element-bea6908 e-con-full e-flex e-con e-child\" data-id=\"bea6908\" data-element_type=\"container\" data-e-type=\"container\">\n\t\t\t\t<div class=\"elementor-element elementor-element-1859d44 elementor-widget elementor-widget-heading\" data-id=\"1859d44\" data-element_type=\"widget\" data-e-type=\"widget\" data-widget_type=\"heading.default\">\n\t\t\t\t<div class=\"elementor-widget-container\">\n\t\t\t\t\t<h2 class=\"elementor-heading-title elementor-size-default\">Bedingungen und Konditionen<\/h2>\t\t\t\t<\/div>\n\t\t\t\t<\/div>\n\t\t\t\t<\/div>\n\t\t\t\t<\/div>\n\t\t<div class=\"elementor-element elementor-element-db42baf e-con-full e-flex e-con e-child\" data-id=\"db42baf\" data-element_type=\"container\" data-e-type=\"container\">\n\t\t\t\t<\/div>\n\t\t\t\t\t<\/div>\n\t\t\t\t<\/div>\n\t\t<div class=\"elementor-element elementor-element-ae90a69 e-flex e-con-boxed e-con e-parent\" data-id=\"ae90a69\" data-element_type=\"container\" data-e-type=\"container\" data-settings=\"{&quot;background_background&quot;:&quot;classic&quot;}\">\n\t\t\t\t\t<div class=\"e-con-inner\">\n\t\t<div class=\"elementor-element elementor-element-d16592e e-con-full e-flex e-con e-child\" data-id=\"d16592e\" data-element_type=\"container\" data-e-type=\"container\">\n\t\t<div class=\"elementor-element elementor-element-fb4a150 e-con-full e-flex e-con e-child\" data-id=\"fb4a150\" data-element_type=\"container\" data-e-type=\"container\">\n\t\t\t\t<div class=\"elementor-element elementor-element-ecda318 elementor-invisible elementor-widget elementor-widget-heading\" data-id=\"ecda318\" data-element_type=\"widget\" data-e-type=\"widget\" data-settings=\"{&quot;_animation&quot;:&quot;fadeIn&quot;}\" data-widget_type=\"heading.default\">\n\t\t\t\t<div class=\"elementor-widget-container\">\n\t\t\t\t\t<h4 class=\"elementor-heading-title elementor-size-default\">Allgemeine Gesch\u00e4ftsbedingungen f\u00fcr die Nutzung von smart-furnishing.ch, smartfurnishing.ch, smart-furnishing.com und packimpex.com<\/h4>\t\t\t\t<\/div>\n\t\t\t\t<\/div>\n\t\t\t\t<\/div>\n\t\t\t\t<\/div>\n\t\t<div class=\"elementor-element elementor-element-bd87095 e-con-full e-flex e-con e-child\" data-id=\"bd87095\" data-element_type=\"container\" data-e-type=\"container\">\n\t\t\t\t<div class=\"elementor-element elementor-element-5f2b621 elementor-widget elementor-widget-text-editor\" data-id=\"5f2b621\" data-element_type=\"widget\" data-e-type=\"widget\" data-widget_type=\"text-editor.default\">\n\t\t\t\t<div class=\"elementor-widget-container\">\n\t\t\t\t\t\t\t\t\t<p>Diese Nutzungsbedingungen regeln die Website www.packimpex.com einschliesslich aller ihrer Subdomains (die Website), die zugeh\u00f6rigen Smartphone Anwendungen und die Aktivit\u00e4ten der Packimpex Ltd, einer Unternehmensgruppe mit Hauptsitz in der Schweiz und Tochtergesellschaften in mehreren L\u00e4ndern (nachfolgend &#8222;Packimpex&#8220;).<\/p>\n<p>Diese Bedingungen erl\u00e4utern unsere Datenschutzrichtlinie, Ihre Rechte bei der Nutzung unserer Dienste, unsere Rechte und die Regeln, die wir f\u00fcr die Nutzer unserer Websites und Apps festlegen.<\/p>\n<p>Durch die Nutzung der Websites www.smart-furnishing.ch, www.smartfurnishing.ch, www.smart-furnishing.com und www.packimpex.com (die Websites) oder damit verbundener Online Plattformen (z.B. Subdomains von packimpex.com oder Subsites auf packimpex.ch) oder von Packimpex Smartphone Applikationen erkl\u00e4ren Sie sich mit den vorliegenden Nutzungsbedingungen einverstanden (AGB).<\/p>\n<p>Packimpex h\u00e4lt sich auch an die l\u00e4nderspezifischen Datenschutzgesetze in den L\u00e4ndern, in denen das Unternehmen t\u00e4tig ist. Diese l\u00e4nderspezifischen Datenschutzrichtlinien finden Sie auf dieser Seite. <\/p>\n<p>Wir behalten uns das Recht vor, nach unserem alleinigen Ermessen Teile dieser Allgemeinen Gesch\u00e4ftsbedingungen jederzeit zu \u00e4ndern, zu modifizieren, hinzuzuf\u00fcgen oder zu entfernen. Sie sollten diese Allgemeinen Gesch\u00e4ftsbedingungen regelm\u00e4ssig auf \u00c4nderungen \u00fcberpr\u00fcfen. Durch die Nutzung der Website, sobald wir \u00c4nderungen an diesen Allgemeinen Gesch\u00e4ftsbedingungen ver\u00f6ffentlicht haben, erkl\u00e4ren Sie sich damit einverstanden, diese \u00c4nderungen zu akzeptieren, unabh\u00e4ngig davon, ob Sie sie \u00fcberpr\u00fcft haben oder nicht.  <\/p>\n<p><a href=\"https:\/\/www.packimpex.com\/terms-conditions\">Packimpex.com ausf\u00fchrliche Allgemeine Gesch\u00e4ftsbedingungen<\/a><\/p>\t\t\t\t\t\t\t\t<\/div>\n\t\t\t\t<\/div>\n\t\t\t\t<\/div>\n\t\t\t\t\t<\/div>\n\t\t\t\t<\/div>\n\t\t\t\t<\/div>\n\t\t","protected":false},"excerpt":{"rendered":"<p>Rechtlicher Hinweis Ihre pers\u00f6nlichen Daten sind bei uns sicher Als ISO 27001-zertifiziertes Unternehmen speichern, verwalten und sch\u00fctzen wir Ihre Daten [&hellip;]<\/p>\n","protected":false},"author":2,"featured_media":0,"parent":0,"menu_order":0,"comment_status":"closed","ping_status":"open","template":"","meta":{"site-sidebar-layout":"default","site-content-layout":"","ast-site-content-layout":"default","site-content-style":"default","site-sidebar-style":"default","ast-global-header-display":"","ast-banner-title-visibility":"","ast-main-header-display":"","ast-hfb-above-header-display":"","ast-hfb-below-header-display":"","ast-hfb-mobile-header-display":"","site-post-title":"","ast-breadcrumbs-content":"","ast-featured-img":"","footer-sml-layout":"","ast-disable-related-posts":"","theme-transparent-header-meta":"","adv-header-id-meta":"","stick-header-meta":"","header-above-stick-meta":"","header-main-stick-meta":"","header-below-stick-meta":"","astra-migrate-meta-layouts":"default","ast-page-background-enabled":"default","ast-page-background-meta":{"desktop":{"background-color":"var(--ast-global-color-4)","background-image":"","background-repeat":"repeat","background-position":"center center","background-size":"auto","background-attachment":"scroll","background-type":"","background-media":"","overlay-type":"","overlay-color":"","overlay-opacity":"","overlay-gradient":""},"tablet":{"background-color":"","background-image":"","background-repeat":"repeat","background-position":"center center","background-size":"auto","background-attachment":"scroll","background-type":"","background-media":"","overlay-type":"","overlay-color":"","overlay-opacity":"","overlay-gradient":""},"mobile":{"background-color":"","background-image":"","background-repeat":"repeat","background-position":"center center","background-size":"auto","background-attachment":"scroll","background-type":"","background-media":"","overlay-type":"","overlay-color":"","overlay-opacity":"","overlay-gradient":""}},"ast-content-background-meta":{"desktop":{"background-color":"var(--ast-global-color-5)","background-image":"","background-repeat":"repeat","background-position":"center center","background-size":"auto","background-attachment":"scroll","background-type":"","background-media":"","overlay-type":"","overlay-color":"","overlay-opacity":"","overlay-gradient":""},"tablet":{"background-color":"var(--ast-global-color-5)","background-image":"","background-repeat":"repeat","background-position":"center center","background-size":"auto","background-attachment":"scroll","background-type":"","background-media":"","overlay-type":"","overlay-color":"","overlay-opacity":"","overlay-gradient":""},"mobile":{"background-color":"var(--ast-global-color-5)","background-image":"","background-repeat":"repeat","background-position":"center center","background-size":"auto","background-attachment":"scroll","background-type":"","background-media":"","overlay-type":"","overlay-color":"","overlay-opacity":"","overlay-gradient":""}},"footnotes":""},"class_list":["post-4560","page","type-page","status-publish","hentry"],"aioseo_notices":[],"_links":{"self":[{"href":"https:\/\/smart-furnishing.com\/de\/wp-json\/wp\/v2\/pages\/4560","targetHints":{"allow":["GET"]}}],"collection":[{"href":"https:\/\/smart-furnishing.com\/de\/wp-json\/wp\/v2\/pages"}],"about":[{"href":"https:\/\/smart-furnishing.com\/de\/wp-json\/wp\/v2\/types\/page"}],"author":[{"embeddable":true,"href":"https:\/\/smart-furnishing.com\/de\/wp-json\/wp\/v2\/users\/2"}],"replies":[{"embeddable":true,"href":"https:\/\/smart-furnishing.com\/de\/wp-json\/wp\/v2\/comments?post=4560"}],"version-history":[{"count":1,"href":"https:\/\/smart-furnishing.com\/de\/wp-json\/wp\/v2\/pages\/4560\/revisions"}],"predecessor-version":[{"id":4561,"href":"https:\/\/smart-furnishing.com\/de\/wp-json\/wp\/v2\/pages\/4560\/revisions\/4561"}],"wp:attachment":[{"href":"https:\/\/smart-furnishing.com\/de\/wp-json\/wp\/v2\/media?parent=4560"}],"curies":[{"name":"wp","href":"https:\/\/api.w.org\/{rel}","templated":true}]}}