{"id":4558,"date":"2024-08-08T12:35:04","date_gmt":"2024-08-08T10:35:04","guid":{"rendered":"https:\/\/smart-furnishing.com\/impressum\/"},"modified":"2024-10-30T15:44:56","modified_gmt":"2024-10-30T14:44:56","slug":"impressum","status":"publish","type":"page","link":"https:\/\/smart-furnishing.com\/de\/impressum\/","title":{"rendered":"Impressum"},"content":{"rendered":"\t\t<div data-elementor-type=\"wp-page\" data-elementor-id=\"4558\" class=\"elementor elementor-4558 elementor-2497\" data-elementor-post-type=\"page\">\n\t\t\t\t<div class=\"elementor-element elementor-element-d1eec71 e-flex e-con-boxed e-con e-parent\" data-id=\"d1eec71\" data-element_type=\"container\" data-e-type=\"container\" data-settings=\"{&quot;background_background&quot;:&quot;classic&quot;}\">\n\t\t\t\t\t<div class=\"e-con-inner\">\n\t\t<div class=\"elementor-element elementor-element-ea4d4ea e-con-full e-flex e-con e-child\" data-id=\"ea4d4ea\" data-element_type=\"container\" data-e-type=\"container\">\n\t\t<div class=\"elementor-element elementor-element-9e5ccf4 e-con-full e-flex e-con e-child\" data-id=\"9e5ccf4\" data-element_type=\"container\" data-e-type=\"container\">\n\t\t\t\t<div class=\"elementor-element elementor-element-938d99c elementor-widget elementor-widget-heading\" data-id=\"938d99c\" data-element_type=\"widget\" data-e-type=\"widget\" data-widget_type=\"heading.default\">\n\t\t\t\t<div class=\"elementor-widget-container\">\n\t\t\t\t\t<h2 class=\"elementor-heading-title elementor-size-default\">Rechtlicher Hinweis<\/h2>\t\t\t\t<\/div>\n\t\t\t\t<\/div>\n\t\t\t\t<\/div>\n\t\t\t\t<\/div>\n\t\t<div class=\"elementor-element elementor-element-2fb5c84 e-con-full e-flex e-con e-child\" data-id=\"2fb5c84\" data-element_type=\"container\" data-e-type=\"container\">\n\t\t\t\t<\/div>\n\t\t\t\t\t<\/div>\n\t\t\t\t<\/div>\n\t\t<div class=\"elementor-element elementor-element-375645e e-flex e-con-boxed e-con e-parent\" data-id=\"375645e\" data-element_type=\"container\" data-e-type=\"container\" data-settings=\"{&quot;background_background&quot;:&quot;classic&quot;}\">\n\t\t\t\t\t<div class=\"e-con-inner\">\n\t\t<div class=\"elementor-element elementor-element-760f1ea e-con-full e-flex e-con e-child\" data-id=\"760f1ea\" data-element_type=\"container\" data-e-type=\"container\">\n\t\t<div class=\"elementor-element elementor-element-b4d34fe e-con-full e-flex e-con e-child\" data-id=\"b4d34fe\" data-element_type=\"container\" data-e-type=\"container\">\n\t\t\t\t<div class=\"elementor-element elementor-element-cc30041 elementor-invisible elementor-widget elementor-widget-heading\" data-id=\"cc30041\" data-element_type=\"widget\" data-e-type=\"widget\" data-settings=\"{&quot;_animation&quot;:&quot;fadeIn&quot;}\" data-widget_type=\"heading.default\">\n\t\t\t\t<div class=\"elementor-widget-container\">\n\t\t\t\t\t<h4 class=\"elementor-heading-title elementor-size-default\">Impressum &amp; Rechtliche Hinweise<\/h4>\t\t\t\t<\/div>\n\t\t\t\t<\/div>\n\t\t\t\t<\/div>\n\t\t\t\t<\/div>\n\t\t<div class=\"elementor-element elementor-element-6c665a2 e-con-full e-flex e-con e-child\" data-id=\"6c665a2\" data-element_type=\"container\" data-e-type=\"container\">\n\t\t\t\t<div class=\"elementor-element elementor-element-5e66ddf elementor-widget elementor-widget-text-editor\" data-id=\"5e66ddf\" data-element_type=\"widget\" data-e-type=\"widget\" data-widget_type=\"text-editor.default\">\n\t\t\t\t<div class=\"elementor-widget-container\">\n\t\t\t\t\t\t\t\t\t<p><strong>\u00dcBER DEN HERAUSGEBER<\/strong><\/p>\n<p>www.smart-furnishing.ch, www.smartfurnishing.ch, www.smart-furnishing.com und www.packimpex.com sind Eigentum der 1977 gegr\u00fcndeten Schweizer Firma Packimpex Ltd. und werden von ihr betrieben. Die Packimpex Gruppe hat ihren Hauptsitz in der Schweiz und verf\u00fcgt \u00fcber Konzerngesellschaften in mehreren L\u00e4ndern. <\/p>\n<p><strong>HAUPTSITZ DER GRUPPE UND ERSTE KONTAKTADRESSE<\/strong><br \/>Packimpex Ltd.<br \/>Brunnmattstrasse 5, 3174 Th\u00f6rishaus, Bern, Schweiz<br \/>+41 58 356 17 00<br \/>info@packimpex.com<\/p>\n<p><strong>SCHWEIZERISCHES HANDELSREGISTER &amp; MEHRWERTSTEUER NUMMER<\/strong><br \/>Eingetragener Firmenname: Packimpex Ltd.<br \/>Firmennummer: CHE-105.847.323<br \/>Kantonales Handelsregister: Kanton Bern<br \/>Mehrwertsteuer Nummer: CHE-105.847.323 MWST<\/p>\n\t\t\t\t\t\t\t\t<\/div>\n\t\t\t\t<\/div>\n\t\t\t\t<\/div>\n\t\t\t\t\t<\/div>\n\t\t\t\t<\/div>\n\t\t<div class=\"elementor-element elementor-element-4686718 e-flex e-con-boxed e-con e-parent\" data-id=\"4686718\" data-element_type=\"container\" data-e-type=\"container\" data-settings=\"{&quot;background_background&quot;:&quot;classic&quot;}\">\n\t\t\t\t\t<div class=\"e-con-inner\">\n\t\t<div class=\"elementor-element elementor-element-2e6d8a4 e-con-full e-flex e-con e-child\" data-id=\"2e6d8a4\" data-element_type=\"container\" data-e-type=\"container\">\n\t\t<div class=\"elementor-element elementor-element-d9f9ef6 e-con-full e-flex e-con e-child\" data-id=\"d9f9ef6\" data-element_type=\"container\" data-e-type=\"container\">\n\t\t\t\t<div class=\"elementor-element elementor-element-78ba471 elementor-invisible elementor-widget elementor-widget-heading\" data-id=\"78ba471\" data-element_type=\"widget\" data-e-type=\"widget\" data-settings=\"{&quot;_animation&quot;:&quot;fadeIn&quot;}\" data-widget_type=\"heading.default\">\n\t\t\t\t<div class=\"elementor-widget-container\">\n\t\t\t\t\t<h4 class=\"elementor-heading-title elementor-size-default\">Webdesign - Konzeption, Gestaltung und Programmierung<\/h4>\t\t\t\t<\/div>\n\t\t\t\t<\/div>\n\t\t\t\t<\/div>\n\t\t\t\t<\/div>\n\t\t<div class=\"elementor-element elementor-element-484939d e-con-full e-flex e-con e-child\" data-id=\"484939d\" data-element_type=\"container\" data-e-type=\"container\">\n\t\t\t\t<div class=\"elementor-element elementor-element-69ecb0b elementor-widget elementor-widget-text-editor\" data-id=\"69ecb0b\" data-element_type=\"widget\" data-e-type=\"widget\" data-widget_type=\"text-editor.default\">\n\t\t\t\t<div class=\"elementor-widget-container\">\n\t\t\t\t\t\t\t\t\t<p><strong>Jus\u00e9lius Hausammann GmbH \u2013 Brand Identity Design<\/strong><br \/>Gartenweg 15<br \/>CH-5443 Niederrohrdorf<\/p>\n<p>+41 56 204 93 00<br \/>ask@juseliushausammann.com<br \/>juseliushausammann.com<\/p>\n\t\t\t\t\t\t\t\t<\/div>\n\t\t\t\t<\/div>\n\t\t\t\t<\/div>\n\t\t\t\t\t<\/div>\n\t\t\t\t<\/div>\n\t\t\t\t<\/div>\n\t\t","protected":false},"excerpt":{"rendered":"<p>Rechtlicher Hinweis Impressum &amp; Rechtliche Hinweise \u00dcBER DEN HERAUSGEBER www.smart-furnishing.ch, www.smartfurnishing.ch, www.smart-furnishing.com und www.packimpex.com sind Eigentum der 1977 gegr\u00fcndeten Schweizer [&hellip;]<\/p>\n","protected":false},"author":2,"featured_media":0,"parent":0,"menu_order":0,"comment_status":"closed","ping_status":"closed","template":"","meta":{"site-sidebar-layout":"no-sidebar","site-content-layout":"","ast-site-content-layout":"full-width-container","site-content-style":"default","site-sidebar-style":"default","ast-global-header-display":"","ast-banner-title-visibility":"","ast-main-header-display":"","ast-hfb-above-header-display":"","ast-hfb-below-header-display":"","ast-hfb-mobile-header-display":"","site-post-title":"disabled","ast-breadcrumbs-content":"","ast-featured-img":"disabled","footer-sml-layout":"","ast-disable-related-posts":"","theme-transparent-header-meta":"","adv-header-id-meta":"","stick-header-meta":"","header-above-stick-meta":"","header-main-stick-meta":"","header-below-stick-meta":"","astra-migrate-meta-layouts":"default","ast-page-background-enabled":"default","ast-page-background-meta":{"desktop":{"background-color":"var(--ast-global-color-4)","background-image":"","background-repeat":"repeat","background-position":"center center","background-size":"auto","background-attachment":"scroll","background-type":"","background-media":"","overlay-type":"","overlay-color":"","overlay-opacity":"","overlay-gradient":""},"tablet":{"background-color":"","background-image":"","background-repeat":"repeat","background-position":"center center","background-size":"auto","background-attachment":"scroll","background-type":"","background-media":"","overlay-type":"","overlay-color":"","overlay-opacity":"","overlay-gradient":""},"mobile":{"background-color":"","background-image":"","background-repeat":"repeat","background-position":"center center","background-size":"auto","background-attachment":"scroll","background-type":"","background-media":"","overlay-type":"","overlay-color":"","overlay-opacity":"","overlay-gradient":""}},"ast-content-background-meta":{"desktop":{"background-color":"var(--ast-global-color-5)","background-image":"","background-repeat":"repeat","background-position":"center center","background-size":"auto","background-attachment":"scroll","background-type":"","background-media":"","overlay-type":"","overlay-color":"","overlay-opacity":"","overlay-gradient":""},"tablet":{"background-color":"var(--ast-global-color-5)","background-image":"","background-repeat":"repeat","background-position":"center center","background-size":"auto","background-attachment":"scroll","background-type":"","background-media":"","overlay-type":"","overlay-color":"","overlay-opacity":"","overlay-gradient":""},"mobile":{"background-color":"var(--ast-global-color-5)","background-image":"","background-repeat":"repeat","background-position":"center center","background-size":"auto","background-attachment":"scroll","background-type":"","background-media":"","overlay-type":"","overlay-color":"","overlay-opacity":"","overlay-gradient":""}},"footnotes":""},"class_list":["post-4558","page","type-page","status-publish","hentry"],"aioseo_notices":[],"_links":{"self":[{"href":"https:\/\/smart-furnishing.com\/de\/wp-json\/wp\/v2\/pages\/4558","targetHints":{"allow":["GET"]}}],"collection":[{"href":"https:\/\/smart-furnishing.com\/de\/wp-json\/wp\/v2\/pages"}],"about":[{"href":"https:\/\/smart-furnishing.com\/de\/wp-json\/wp\/v2\/types\/page"}],"author":[{"embeddable":true,"href":"https:\/\/smart-furnishing.com\/de\/wp-json\/wp\/v2\/users\/2"}],"replies":[{"embeddable":true,"href":"https:\/\/smart-furnishing.com\/de\/wp-json\/wp\/v2\/comments?post=4558"}],"version-history":[{"count":1,"href":"https:\/\/smart-furnishing.com\/de\/wp-json\/wp\/v2\/pages\/4558\/revisions"}],"predecessor-version":[{"id":4559,"href":"https:\/\/smart-furnishing.com\/de\/wp-json\/wp\/v2\/pages\/4558\/revisions\/4559"}],"wp:attachment":[{"href":"https:\/\/smart-furnishing.com\/de\/wp-json\/wp\/v2\/media?parent=4558"}],"curies":[{"name":"wp","href":"https:\/\/api.w.org\/{rel}","templated":true}]}}